{"id":941,"date":"2024-11-17T09:21:21","date_gmt":"2024-11-17T09:21:21","guid":{"rendered":"https:\/\/hse4all.no\/?page_id=941"},"modified":"2024-11-28T16:51:09","modified_gmt":"2024-11-28T16:51:09","slug":"kurs","status":"publish","type":"page","link":"https:\/\/hse4all.no\/?page_id=941","title":{"rendered":"Foredrag og kurs"},"content":{"rendered":"\t\t<div data-elementor-type=\"wp-page\" data-elementor-id=\"941\" class=\"elementor elementor-941\" data-elementor-post-type=\"page\">\n\t\t\t\t<div class=\"elementor-element elementor-element-fb000af e-flex e-con-boxed e-con e-parent\" data-id=\"fb000af\" data-element_type=\"container\" data-e-type=\"container\">\n\t\t\t\t\t<div class=\"e-con-inner\">\n\t\t\t\t<div class=\"elementor-element elementor-element-2f1de9e elementor-widget elementor-widget-text-editor\" data-id=\"2f1de9e\" data-element_type=\"widget\" data-e-type=\"widget\" data-widget_type=\"text-editor.default\">\n\t\t\t\t<div class=\"elementor-widget-container\">\n\t\t\t\t\t\t\t\t\t<h3><strong>Vi tilbyr skreddersydde foredrag og kurs for din bedrift<\/strong><\/h3>\t\t\t\t\t\t\t\t<\/div>\n\t\t\t\t<\/div>\n\t\t\t\t\t<\/div>\n\t\t\t\t<\/div>\n\t\t<div class=\"elementor-element elementor-element-37796e7 e-flex e-con-boxed e-con e-parent\" data-id=\"37796e7\" data-element_type=\"container\" data-e-type=\"container\">\n\t\t\t\t\t<div class=\"e-con-inner\">\n\t\t\t\t<div class=\"elementor-element elementor-element-f139384 elementor-widget elementor-widget-text-editor\" data-id=\"f139384\" data-element_type=\"widget\" data-e-type=\"widget\" data-widget_type=\"text-editor.default\">\n\t\t\t\t<div class=\"elementor-widget-container\">\n\t\t\t\t\t\t\t\t\t<h3>Foredrag<\/h3><ul><li>Vi snakker om personlig ansvar versus kollektivt ansvar, risikoforst\u00e5else, Stille avvik<\/li><li>\u00c5 finne, dokumentere, eliminere og rapportere stille avvik.<\/li><li>\u00c5 \u00f8ke kvaliteten p\u00e5 egne valg: Hvordan forl\u00f8se klokere valg som bygger kultur, sikkerhet og kvalitet?<\/li><li>Hva p\u00e5virker valg? Hva er v\u00e5re sterkeste drivere?<\/li><li>\u00c5 v\u00e6re etterp\u00e5klok i forkant: \u00c5 ligge et skritt foran, v\u00e6re sanseskarp og \u00e5 forebygge.<\/li><li>Den gode sikkerhets samtalen. \u00c5pne sp\u00f8rsm\u00e5l. Lytte 80\/20 regelen<\/li><li>Rapporteringskultur<\/li><li>Rollemodell for sikkerhet. Eksempel for andre.<\/li><li>Synlig og aktiv ledelse<\/li><\/ul>\t\t\t\t\t\t\t\t<\/div>\n\t\t\t\t<\/div>\n\t\t\t\t\t<\/div>\n\t\t\t\t<\/div>\n\t\t<div class=\"elementor-element elementor-element-686a19e e-flex e-con-boxed e-con e-parent\" data-id=\"686a19e\" data-element_type=\"container\" data-e-type=\"container\">\n\t\t\t\t\t<div class=\"e-con-inner\">\n\t\t\t\t<div class=\"elementor-element elementor-element-14dcbb5 elementor-widget elementor-widget-text-editor\" data-id=\"14dcbb5\" data-element_type=\"widget\" data-e-type=\"widget\" data-widget_type=\"text-editor.default\">\n\t\t\t\t<div class=\"elementor-widget-container\">\n\t\t\t\t\t\t\t\t\t<h3>Kurs<\/h3><ul><li>Kursing i flere av ovenfornevnte fokus omr\u00e5der<\/li><li>St\u00f8tte ved innf\u00f8ring eller revitalisering av sikkerhetsverkt\u00f8y slik som rapporterings verkt\u00f8y<\/li><li>Struktur og innhold p\u00e5 oppstartsm\u00f8ter<\/li><li>Sikker jobb analyser<\/li><\/ul>\t\t\t\t\t\t\t\t<\/div>\n\t\t\t\t<\/div>\n\t\t\t\t\t<\/div>\n\t\t\t\t<\/div>\n\t\t<div class=\"elementor-element elementor-element-44e8a94 e-flex e-con-boxed e-con e-parent\" data-id=\"44e8a94\" data-element_type=\"container\" data-e-type=\"container\">\n\t\t\t\t\t<div class=\"e-con-inner\">\n\t\t\t\t<div class=\"elementor-element elementor-element-6e79e4d elementor-widget elementor-widget-text-editor\" data-id=\"6e79e4d\" data-element_type=\"widget\" data-e-type=\"widget\" data-widget_type=\"text-editor.default\">\n\t\t\t\t<div class=\"elementor-widget-container\">\n\t\t\t\t\t\t\t\t\t<h3><strong>Virkemidler og premisser for tiltak<\/strong><\/h3><p><strong>Forankring:\u00a0<\/strong>Vi anser at arbeidet v\u00e5rt b\u00f8r bygge videre p\u00e5 det oppdragsgiver allerede har p\u00e5 plass, og som \u00f8nskes videreutviklet. Et avgj\u00f8rende utgangspunkt er \u00e5 erkjenne gapet mellom der vi er og dit vi skal.\u00a0<\/p><p><strong><em>Grunnleggende filosofi:\u00a0<\/em><\/strong><\/p><ol><li><em>For \u00e5 f\u00e5 et godt resultat, jobb med atferd<strong>.<\/strong><strong>\u00a0<\/strong><\/em><\/li><li><em>For \u00e5 trigge \u00f8nsket atferd,\u00a0ansvarlig- og tydeliggj\u00f8r.<\/em><\/li><li><em>For \u00e5 oppn\u00e5\u00a0maksimal effekt av\u00a0ansvarliggj\u00f8ring,\u00a0gj\u00f8r ansvaret personlig.<\/em><\/li><\/ol>\t\t\t\t\t\t\t\t<\/div>\n\t\t\t\t<\/div>\n\t\t\t\t\t<\/div>\n\t\t\t\t<\/div>\n\t\t<div class=\"elementor-element elementor-element-8321dd8 e-flex e-con-boxed e-con e-parent\" data-id=\"8321dd8\" data-element_type=\"container\" data-e-type=\"container\">\n\t\t\t\t\t<div class=\"e-con-inner\">\n\t\t\t\t<div class=\"elementor-element elementor-element-54c5d91 elementor-widget elementor-widget-image\" data-id=\"54c5d91\" data-element_type=\"widget\" data-e-type=\"widget\" data-widget_type=\"image.default\">\n\t\t\t\t<div class=\"elementor-widget-container\">\n\t\t\t\t\t\t\t\t\t\t\t\t<figure class=\"wp-caption\">\n\t\t\t\t\t\t\t\t\t\t<img fetchpriority=\"high\" decoding=\"async\" width=\"1024\" height=\"806\" src=\"https:\/\/hse4all.no\/wp-content\/uploads\/2024\/11\/Jeg-Plakaten-1024x806.png\" class=\"attachment-large size-large wp-image-1381\" alt=\"\" srcset=\"https:\/\/hse4all.no\/wp-content\/uploads\/2024\/11\/Jeg-Plakaten-1024x806.png 1024w, https:\/\/hse4all.no\/wp-content\/uploads\/2024\/11\/Jeg-Plakaten-300x236.png 300w, https:\/\/hse4all.no\/wp-content\/uploads\/2024\/11\/Jeg-Plakaten-768x605.png 768w, https:\/\/hse4all.no\/wp-content\/uploads\/2024\/11\/Jeg-Plakaten-1536x1209.png 1536w, https:\/\/hse4all.no\/wp-content\/uploads\/2024\/11\/Jeg-Plakaten-2048x1612.png 2048w, https:\/\/hse4all.no\/wp-content\/uploads\/2024\/11\/Jeg-Plakaten-600x472.png 600w\" sizes=\"(max-width: 1024px) 100vw, 1024px\" \/>\t\t\t\t\t\t\t\t\t\t\t<figcaption class=\"widget-image-caption wp-caption-text\"><\/figcaption>\n\t\t\t\t\t\t\t\t\t\t<\/figure>\n\t\t\t\t\t\t\t\t\t<\/div>\n\t\t\t\t<\/div>\n\t\t\t\t\t<\/div>\n\t\t\t\t<\/div>\n\t\t\t\t<\/div>\n\t\t","protected":false},"excerpt":{"rendered":"<p>Vi tilbyr skreddersydde foredrag og kurs for din bedrift Foredrag Vi snakker om personlig ansvar versus kollektivt ansvar, risikoforst\u00e5else, Stille avvik \u00c5 finne, dokumentere, eliminere og rapportere stille avvik. \u00c5&hellip;<\/p>\n","protected":false},"author":1,"featured_media":1216,"parent":0,"menu_order":0,"comment_status":"closed","ping_status":"closed","template":"","meta":{"footnotes":""},"class_list":["post-941","page","type-page","status-publish","has-post-thumbnail","hentry"],"_links":{"self":[{"href":"https:\/\/hse4all.no\/index.php?rest_route=\/wp\/v2\/pages\/941","targetHints":{"allow":["GET"]}}],"collection":[{"href":"https:\/\/hse4all.no\/index.php?rest_route=\/wp\/v2\/pages"}],"about":[{"href":"https:\/\/hse4all.no\/index.php?rest_route=\/wp\/v2\/types\/page"}],"author":[{"embeddable":true,"href":"https:\/\/hse4all.no\/index.php?rest_route=\/wp\/v2\/users\/1"}],"replies":[{"embeddable":true,"href":"https:\/\/hse4all.no\/index.php?rest_route=%2Fwp%2Fv2%2Fcomments&post=941"}],"version-history":[{"count":23,"href":"https:\/\/hse4all.no\/index.php?rest_route=\/wp\/v2\/pages\/941\/revisions"}],"predecessor-version":[{"id":1384,"href":"https:\/\/hse4all.no\/index.php?rest_route=\/wp\/v2\/pages\/941\/revisions\/1384"}],"wp:featuredmedia":[{"embeddable":true,"href":"https:\/\/hse4all.no\/index.php?rest_route=\/wp\/v2\/media\/1216"}],"wp:attachment":[{"href":"https:\/\/hse4all.no\/index.php?rest_route=%2Fwp%2Fv2%2Fmedia&parent=941"}],"curies":[{"name":"wp","href":"https:\/\/api.w.org\/{rel}","templated":true}]}}