{"id":906,"date":"2024-11-16T12:04:18","date_gmt":"2024-11-16T12:04:18","guid":{"rendered":"https:\/\/hse4all.no\/?page_id=906"},"modified":"2024-11-25T16:23:00","modified_gmt":"2024-11-25T16:23:00","slug":"om-meg","status":"publish","type":"page","link":"https:\/\/hse4all.no\/?page_id=906","title":{"rendered":"Om meg"},"content":{"rendered":"\t\t<div data-elementor-type=\"wp-page\" data-elementor-id=\"906\" class=\"elementor elementor-906\" data-elementor-post-type=\"page\">\n\t\t\t\t<div class=\"elementor-element elementor-element-193b9521 e-flex e-con-boxed e-con e-parent\" data-id=\"193b9521\" data-element_type=\"container\" data-e-type=\"container\">\n\t\t\t\t\t<div class=\"e-con-inner\">\n\t\t\t\t<div class=\"elementor-element elementor-element-5f9ef23 elementor-widget elementor-widget-image\" data-id=\"5f9ef23\" data-element_type=\"widget\" data-e-type=\"widget\" data-widget_type=\"image.default\">\n\t\t\t\t<div class=\"elementor-widget-container\">\n\t\t\t\t\t\t\t\t\t\t\t\t\t\t\t<img fetchpriority=\"high\" decoding=\"async\" width=\"300\" height=\"242\" src=\"https:\/\/hse4all.no\/wp-content\/uploads\/2024\/11\/Portrett03-e1732535414390-300x242.webp\" class=\"attachment-medium size-medium wp-image-911\" alt=\"\" srcset=\"https:\/\/hse4all.no\/wp-content\/uploads\/2024\/11\/Portrett03-e1732535414390-300x242.webp 300w, https:\/\/hse4all.no\/wp-content\/uploads\/2024\/11\/Portrett03-e1732535414390-600x483.webp 600w, https:\/\/hse4all.no\/wp-content\/uploads\/2024\/11\/Portrett03-e1732535414390-768x619.webp 768w, https:\/\/hse4all.no\/wp-content\/uploads\/2024\/11\/Portrett03-e1732535414390.webp 925w\" sizes=\"(max-width: 300px) 100vw, 300px\" \/>\t\t\t\t\t\t\t\t\t\t\t\t\t\t\t<\/div>\n\t\t\t\t<\/div>\n\t\t\t\t<div class=\"elementor-element elementor-element-64328f12 elementor-widget elementor-widget-text-editor\" data-id=\"64328f12\" data-element_type=\"widget\" data-e-type=\"widget\" data-widget_type=\"text-editor.default\">\n\t\t\t\t<div class=\"elementor-widget-container\"><h5><strong>Jeg, Teddy Broadhurst er f\u00f8dt og oppvokst i Sola kommune, utenfor Stavanger. Far var fra England og mor fra Sandnes. Vi var 7 s\u00f8sken.<\/strong><\/h5>\n<p><strong><\/strong><\/p>\n<p><strong>Like etter at jeg fylte 18 \u00e5r immigrerte jeg til Australia. Det ble sv\u00e6rt gode \u00e5r der jeg f\u00f8rst arbeidet p\u00e5 jernbanelinjen Indian Pacific som g\u00e5r mellom Sydney og Perth &#8211; 4.352 kilometer. <\/strong><\/p>\n<p><strong>Etter 18 m\u00e5neder p\u00e5 jernbanen fikk jeg jobb i verdens st\u00f8rste kobbergruve i Mt. Isa i Queensland.<\/strong><\/p>\n<p><strong><\/strong><\/p>\n<p><strong>Da jeg fikk 12 m\u00e5neders permisjon fra gruvejobben, tok jeg ut p\u00e5 en sikk-sakk-reise fra land til land mellom Australia og Stavanger. Etter en reise p\u00e5 10 m\u00e5neder var jeg klar til \u00e5 returnere til jobben som ventet i gruvebyen Mt. Isa.<\/strong><\/p>\n<p><strong><\/strong><\/p>\n<p><strong>Det ble det ikke noe av. Jeg fikk i stedet jobb i oljeselskapet ConocoPhillips. Der ble jeg i mange \u00e5r.<\/strong><\/p>\n<p><strong><\/strong><\/p>\n<p><strong>\u2022 41 \u00e5r i ConocoPhillips &#8211; offshore Installasjonsleder, feltdirekt\u00f8r og HMS-sjef i mange \u00e5r. De siste 3 \u00e5rene i Singapore<\/strong><\/p>\n<p><strong><\/strong><\/p>\n<p><strong>\u2022 Flere prosjekt for AkerBP &#8211; HMS&amp;K ansvarlig. De f\u00f8rste 3 \u00bd \u00e5rene p\u00e5 verft i Singapore<\/strong><\/p>\n<p><strong><\/strong><\/p>\n<p><strong>\u2022 For tiden; AkerBP, Aker Solutions, V\u00e5r Energi, BSI i Vietnam og Seatrium i Singapore, HYDRO Aluminium p\u00e5 Husnes, BKS\/Boliden p\u00e5 ZINK fabrikken i Odda etc<\/strong><\/p>\n<p><strong><\/strong><\/p>\n<p><strong>Jeg er sv\u00e6rt opptatt av at arbeidstakere ikke skal bli skadet p\u00e5 jobb og at selskap M\u00c5 ha en god HMS&amp;K kultur som forhindrer skade p\u00e5 folk, utstyr og milj\u00f8<\/strong><\/p>\n<p><strong><\/strong><\/p>\n<p><strong>Dette har jeg n\u00e5 v\u00e6rt n\u00e6rmest fulltids engasjert med de siste 15 \u00e5rene.<\/strong><\/p><\/div>\n\t\t\t\t<\/div>\n\t\t\t\t\t<\/div>\n\t\t\t\t<\/div>\n\t\t<div class=\"elementor-element elementor-element-291bcce e-flex e-con-boxed e-con e-parent\" data-id=\"291bcce\" data-element_type=\"container\" data-e-type=\"container\">\n\t\t\t\t\t<div class=\"e-con-inner\">\n\t\t\t\t\t<\/div>\n\t\t\t\t<\/div>\n\t\t<div class=\"elementor-element elementor-element-2ac2acc e-flex e-con-boxed e-con e-parent\" data-id=\"2ac2acc\" data-element_type=\"container\" data-e-type=\"container\">\n\t\t\t\t\t<div class=\"e-con-inner\">\n\t\t<div class=\"elementor-element elementor-element-e3ce265 e-con-full e-flex e-con e-child\" data-id=\"e3ce265\" data-element_type=\"container\" data-e-type=\"container\">\n\t\t\t\t<\/div>\n\t\t\t\t\t<\/div>\n\t\t\t\t<\/div>\t\t<\/div>\n\t\t","protected":false},"excerpt":{"rendered":"<p>Jeg, Teddy Broadhurst er f\u00f8dt og oppvokst i Sola kommune, utenfor Stavanger. Far var fra England og mor fra Sandnes. Vi var 7 s\u00f8sken. Like etter at jeg fylte 18&hellip;<\/p>\n","protected":false},"author":2,"featured_media":0,"parent":0,"menu_order":0,"comment_status":"closed","ping_status":"closed","template":"","meta":{"footnotes":""},"class_list":["post-906","page","type-page","status-publish","hentry"],"_links":{"self":[{"href":"https:\/\/hse4all.no\/index.php?rest_route=\/wp\/v2\/pages\/906","targetHints":{"allow":["GET"]}}],"collection":[{"href":"https:\/\/hse4all.no\/index.php?rest_route=\/wp\/v2\/pages"}],"about":[{"href":"https:\/\/hse4all.no\/index.php?rest_route=\/wp\/v2\/types\/page"}],"author":[{"embeddable":true,"href":"https:\/\/hse4all.no\/index.php?rest_route=\/wp\/v2\/users\/2"}],"replies":[{"embeddable":true,"href":"https:\/\/hse4all.no\/index.php?rest_route=%2Fwp%2Fv2%2Fcomments&post=906"}],"version-history":[{"count":10,"href":"https:\/\/hse4all.no\/index.php?rest_route=\/wp\/v2\/pages\/906\/revisions"}],"predecessor-version":[{"id":1212,"href":"https:\/\/hse4all.no\/index.php?rest_route=\/wp\/v2\/pages\/906\/revisions\/1212"}],"wp:attachment":[{"href":"https:\/\/hse4all.no\/index.php?rest_route=%2Fwp%2Fv2%2Fmedia&parent=906"}],"curies":[{"name":"wp","href":"https:\/\/api.w.org\/{rel}","templated":true}]}}